{"id":22908,"date":"2026-03-31T11:48:50","date_gmt":"2026-03-31T09:48:50","guid":{"rendered":"https:\/\/www.cofran.fr\/?page_id=22908"},"modified":"2026-04-27T15:53:04","modified_gmt":"2026-04-27T13:53:04","slug":"landing-page","status":"publish","type":"page","link":"https:\/\/www.cofran.fr\/fr\/landing-page\/","title":{"rendered":"Landing Page"},"content":{"rendered":"","protected":false},"excerpt":{"rendered":"","protected":false},"author":3,"featured_media":0,"parent":0,"menu_order":0,"comment_status":"closed","ping_status":"closed","template":"templates\/template-campagne.php","meta":{"_acf_changed":false,"footnotes":""},"acf":{"lp_header":{"header_logo":{"ID":379,"id":379,"title":"qsn_cofran","filename":"qsn_cofran.svg","filesize":6959,"url":"https:\/\/www.cofran.fr\/wp-content\/uploads\/2024\/03\/qsn_cofran.svg?wsr","link":"https:\/\/www.cofran.fr\/fr\/decouvrir-cofran\/qui-sommes-nous\/qsn_cofran\/","alt":"","author":"1","description":"","caption":"","name":"qsn_cofran","status":"inherit","uploaded_to":322,"date":"2024-03-12 11:17:45","modified":"2024-03-12 11:17:45","menu_order":0,"mime_type":"image\/svg+xml","type":"image","subtype":"svg+xml","icon":"https:\/\/www.cofran.fr\/wp-includes\/images\/media\/default.png","width":0,"height":0,"sizes":{"thumbnail":"https:\/\/www.cofran.fr\/wp-content\/uploads\/2024\/03\/qsn_cofran.svg?wsr","thumbnail-width":1,"thumbnail-height":1,"medium":"https:\/\/www.cofran.fr\/wp-content\/uploads\/2024\/03\/qsn_cofran.svg?wsr","medium-width":1,"medium-height":1,"medium_large":"https:\/\/www.cofran.fr\/wp-content\/uploads\/2024\/03\/qsn_cofran.svg?wsr","medium_large-width":1,"medium_large-height":1,"large":"https:\/\/www.cofran.fr\/wp-content\/uploads\/2024\/03\/qsn_cofran.svg?wsr","large-width":1,"large-height":1,"1536x1536":"https:\/\/www.cofran.fr\/wp-content\/uploads\/2024\/03\/qsn_cofran.svg?wsr","1536x1536-width":1,"1536x1536-height":1,"2048x2048":"https:\/\/www.cofran.fr\/wp-content\/uploads\/2024\/03\/qsn_cofran.svg?wsr","2048x2048-width":1,"2048x2048-height":1,"post-thumbnail":"https:\/\/www.cofran.fr\/wp-content\/uploads\/2024\/03\/qsn_cofran.svg?wsr","post-thumbnail-width":1,"post-thumbnail-height":1,"twentytwenty-fullscreen":"https:\/\/www.cofran.fr\/wp-content\/uploads\/2024\/03\/qsn_cofran.svg?wsr","twentytwenty-fullscreen-width":1,"twentytwenty-fullscreen-height":1}},"header_slogan":"Expert en lubrifiants depuis 1936"},"lp_contact":{"contact_surtitle":"Demande de contact","contact_title":"Discutons de votre projet","contact_subtitle":"Laissez-nous vos coordonn\u00e9es et notre service commercial vous contactera dans les plus brefs d\u00e9lais.","contact_cf7_form":22909,"contact_legal":"Vos donn\u00e9es restent confidentielles - aucun spam, jamais."},"lp_content":{"content_surtitle":"Qualit\u00e9 fran\u00e7aise depuis 1936","content_title":"La lubrification <br><em>haute performance <\/em><br><span>qui prot\u00e8ge <\/span><br>vos \u00e9quipements ","content_text":"COFRAN est l'expert fran\u00e7ais des lubrifiants, graisses et fluides pour tous secteurs \u2014 automotive, industrie, travaux publics, marine. Homologu\u00e9s OEM, formul\u00e9s en Europe.","content_keypoints":[{"content_keypoints_picto":{"ID":22910,"id":22910,"title":"check-circle","filename":"check-circle.svg","filesize":261,"url":"https:\/\/www.cofran.fr\/wp-content\/uploads\/2026\/03\/check-circle.svg?wsr","link":"https:\/\/www.cofran.fr\/fr\/landing-page\/check-circle\/","alt":"","author":"3","description":"","caption":"","name":"check-circle","status":"inherit","uploaded_to":22908,"date":"2026-03-31 09:44:39","modified":"2026-03-31 09:44:39","menu_order":0,"mime_type":"image\/svg+xml","type":"image","subtype":"svg+xml","icon":"https:\/\/www.cofran.fr\/wp-includes\/images\/media\/default.png","width":0,"height":0,"sizes":{"thumbnail":"https:\/\/www.cofran.fr\/wp-content\/uploads\/2026\/03\/check-circle.svg?wsr","thumbnail-width":1,"thumbnail-height":1,"medium":"https:\/\/www.cofran.fr\/wp-content\/uploads\/2026\/03\/check-circle.svg?wsr","medium-width":1,"medium-height":1,"medium_large":"https:\/\/www.cofran.fr\/wp-content\/uploads\/2026\/03\/check-circle.svg?wsr","medium_large-width":1,"medium_large-height":1,"large":"https:\/\/www.cofran.fr\/wp-content\/uploads\/2026\/03\/check-circle.svg?wsr","large-width":1,"large-height":1,"1536x1536":"https:\/\/www.cofran.fr\/wp-content\/uploads\/2026\/03\/check-circle.svg?wsr","1536x1536-width":1,"1536x1536-height":1,"2048x2048":"https:\/\/www.cofran.fr\/wp-content\/uploads\/2026\/03\/check-circle.svg?wsr","2048x2048-width":1,"2048x2048-height":1,"post-thumbnail":"https:\/\/www.cofran.fr\/wp-content\/uploads\/2026\/03\/check-circle.svg?wsr","post-thumbnail-width":1,"post-thumbnail-height":1,"twentytwenty-fullscreen":"https:\/\/www.cofran.fr\/wp-content\/uploads\/2026\/03\/check-circle.svg?wsr","twentytwenty-fullscreen-width":1,"twentytwenty-fullscreen-height":1}},"content_keypoints_title":"Homologations OEM garanties","content_keypoints_text":"Des produits approuv\u00e9s par les plus grands constructeurs automobiles et industriels mondiaux."},{"content_keypoints_picto":{"ID":22912,"id":22912,"title":"wrench","filename":"wrench.svg","filesize":716,"url":"https:\/\/www.cofran.fr\/wp-content\/uploads\/2026\/03\/wrench.svg?wsr","link":"https:\/\/www.cofran.fr\/fr\/landing-page\/wrench\/","alt":"","author":"3","description":"","caption":"","name":"wrench","status":"inherit","uploaded_to":22908,"date":"2026-03-31 09:46:38","modified":"2026-03-31 09:46:38","menu_order":0,"mime_type":"image\/svg+xml","type":"image","subtype":"svg+xml","icon":"https:\/\/www.cofran.fr\/wp-includes\/images\/media\/default.png","width":0,"height":0,"sizes":{"thumbnail":"https:\/\/www.cofran.fr\/wp-content\/uploads\/2026\/03\/wrench.svg?wsr","thumbnail-width":1,"thumbnail-height":1,"medium":"https:\/\/www.cofran.fr\/wp-content\/uploads\/2026\/03\/wrench.svg?wsr","medium-width":1,"medium-height":1,"medium_large":"https:\/\/www.cofran.fr\/wp-content\/uploads\/2026\/03\/wrench.svg?wsr","medium_large-width":1,"medium_large-height":1,"large":"https:\/\/www.cofran.fr\/wp-content\/uploads\/2026\/03\/wrench.svg?wsr","large-width":1,"large-height":1,"1536x1536":"https:\/\/www.cofran.fr\/wp-content\/uploads\/2026\/03\/wrench.svg?wsr","1536x1536-width":1,"1536x1536-height":1,"2048x2048":"https:\/\/www.cofran.fr\/wp-content\/uploads\/2026\/03\/wrench.svg?wsr","2048x2048-width":1,"2048x2048-height":1,"post-thumbnail":"https:\/\/www.cofran.fr\/wp-content\/uploads\/2026\/03\/wrench.svg?wsr","post-thumbnail-width":1,"post-thumbnail-height":1,"twentytwenty-fullscreen":"https:\/\/www.cofran.fr\/wp-content\/uploads\/2026\/03\/wrench.svg?wsr","twentytwenty-fullscreen-width":1,"twentytwenty-fullscreen-height":1}},"content_keypoints_title":"Des solutions de lubrification adapt\u00e9es \u00e0 chaque besoin","content_keypoints_text":"Une large gamme de produits con\u00e7us pour r\u00e9pondre \u00e0 l\u2019ensemble de vos besoins en lubrification."},{"content_keypoints_picto":{"ID":22917,"id":22917,"title":"phone","filename":"phone.svg","filesize":547,"url":"https:\/\/www.cofran.fr\/wp-content\/uploads\/2026\/03\/phone.svg?wsr","link":"https:\/\/www.cofran.fr\/fr\/landing-page\/phone\/","alt":"","author":"3","description":"","caption":"","name":"phone","status":"inherit","uploaded_to":22908,"date":"2026-03-31 09:48:43","modified":"2026-03-31 09:48:43","menu_order":0,"mime_type":"image\/svg+xml","type":"image","subtype":"svg+xml","icon":"https:\/\/www.cofran.fr\/wp-includes\/images\/media\/default.png","width":0,"height":0,"sizes":{"thumbnail":"https:\/\/www.cofran.fr\/wp-content\/uploads\/2026\/03\/phone.svg?wsr","thumbnail-width":1,"thumbnail-height":1,"medium":"https:\/\/www.cofran.fr\/wp-content\/uploads\/2026\/03\/phone.svg?wsr","medium-width":1,"medium-height":1,"medium_large":"https:\/\/www.cofran.fr\/wp-content\/uploads\/2026\/03\/phone.svg?wsr","medium_large-width":1,"medium_large-height":1,"large":"https:\/\/www.cofran.fr\/wp-content\/uploads\/2026\/03\/phone.svg?wsr","large-width":1,"large-height":1,"1536x1536":"https:\/\/www.cofran.fr\/wp-content\/uploads\/2026\/03\/phone.svg?wsr","1536x1536-width":1,"1536x1536-height":1,"2048x2048":"https:\/\/www.cofran.fr\/wp-content\/uploads\/2026\/03\/phone.svg?wsr","2048x2048-width":1,"2048x2048-height":1,"post-thumbnail":"https:\/\/www.cofran.fr\/wp-content\/uploads\/2026\/03\/phone.svg?wsr","post-thumbnail-width":1,"post-thumbnail-height":1,"twentytwenty-fullscreen":"https:\/\/www.cofran.fr\/wp-content\/uploads\/2026\/03\/phone.svg?wsr","twentytwenty-fullscreen-width":1,"twentytwenty-fullscreen-height":1}},"content_keypoints_title":"Hotline technique","content_keypoints_text":"Notre \u00e9quipe d\u2019experts est disponible pour vous accompagner dans le choix de vos produits et r\u00e9pondre \u00e0 l\u2019ensemble de vos questions techniques."}],"content_keynumbers":[{"content_keynumbers_number":"87+ ","content_keynumbers_text":"ans d'expertise"},{"content_keynumbers_number":"60+","content_keynumbers_text":"pays distributeurs"},{"content_keynumbers_number":"500+","content_keynumbers_text":"r\u00e9f\u00e9rences produits"}]},"lp_footer":{"footer_keypoints":[{"footer_picto":{"ID":22914,"id":22914,"title":"shield","filename":"shield.svg","filesize":406,"url":"https:\/\/www.cofran.fr\/wp-content\/uploads\/2026\/03\/shield.svg?wsr","link":"https:\/\/www.cofran.fr\/fr\/landing-page\/shield\/","alt":"","author":"3","description":"","caption":"","name":"shield","status":"inherit","uploaded_to":22908,"date":"2026-03-31 09:47:55","modified":"2026-03-31 09:47:55","menu_order":0,"mime_type":"image\/svg+xml","type":"image","subtype":"svg+xml","icon":"https:\/\/www.cofran.fr\/wp-includes\/images\/media\/default.png","width":0,"height":0,"sizes":{"thumbnail":"https:\/\/www.cofran.fr\/wp-content\/uploads\/2026\/03\/shield.svg?wsr","thumbnail-width":1,"thumbnail-height":1,"medium":"https:\/\/www.cofran.fr\/wp-content\/uploads\/2026\/03\/shield.svg?wsr","medium-width":1,"medium-height":1,"medium_large":"https:\/\/www.cofran.fr\/wp-content\/uploads\/2026\/03\/shield.svg?wsr","medium_large-width":1,"medium_large-height":1,"large":"https:\/\/www.cofran.fr\/wp-content\/uploads\/2026\/03\/shield.svg?wsr","large-width":1,"large-height":1,"1536x1536":"https:\/\/www.cofran.fr\/wp-content\/uploads\/2026\/03\/shield.svg?wsr","1536x1536-width":1,"1536x1536-height":1,"2048x2048":"https:\/\/www.cofran.fr\/wp-content\/uploads\/2026\/03\/shield.svg?wsr","2048x2048-width":1,"2048x2048-height":1,"post-thumbnail":"https:\/\/www.cofran.fr\/wp-content\/uploads\/2026\/03\/shield.svg?wsr","post-thumbnail-width":1,"post-thumbnail-height":1,"twentytwenty-fullscreen":"https:\/\/www.cofran.fr\/wp-content\/uploads\/2026\/03\/shield.svg?wsr","twentytwenty-fullscreen-width":1,"twentytwenty-fullscreen-height":1}},"footer_point":"Qualit\u00e9 fran\u00e7aise garantie"},{"footer_picto":{"ID":22915,"id":22915,"title":"lightbulb","filename":"lightbulb.svg","filesize":440,"url":"https:\/\/www.cofran.fr\/wp-content\/uploads\/2026\/03\/lightbulb.svg?wsr","link":"https:\/\/www.cofran.fr\/fr\/landing-page\/lightbulb\/","alt":"","author":"3","description":"","caption":"","name":"lightbulb","status":"inherit","uploaded_to":22908,"date":"2026-03-31 09:48:09","modified":"2026-03-31 09:48:09","menu_order":0,"mime_type":"image\/svg+xml","type":"image","subtype":"svg+xml","icon":"https:\/\/www.cofran.fr\/wp-includes\/images\/media\/default.png","width":0,"height":0,"sizes":{"thumbnail":"https:\/\/www.cofran.fr\/wp-content\/uploads\/2026\/03\/lightbulb.svg?wsr","thumbnail-width":1,"thumbnail-height":1,"medium":"https:\/\/www.cofran.fr\/wp-content\/uploads\/2026\/03\/lightbulb.svg?wsr","medium-width":1,"medium-height":1,"medium_large":"https:\/\/www.cofran.fr\/wp-content\/uploads\/2026\/03\/lightbulb.svg?wsr","medium_large-width":1,"medium_large-height":1,"large":"https:\/\/www.cofran.fr\/wp-content\/uploads\/2026\/03\/lightbulb.svg?wsr","large-width":1,"large-height":1,"1536x1536":"https:\/\/www.cofran.fr\/wp-content\/uploads\/2026\/03\/lightbulb.svg?wsr","1536x1536-width":1,"1536x1536-height":1,"2048x2048":"https:\/\/www.cofran.fr\/wp-content\/uploads\/2026\/03\/lightbulb.svg?wsr","2048x2048-width":1,"2048x2048-height":1,"post-thumbnail":"https:\/\/www.cofran.fr\/wp-content\/uploads\/2026\/03\/lightbulb.svg?wsr","post-thumbnail-width":1,"post-thumbnail-height":1,"twentytwenty-fullscreen":"https:\/\/www.cofran.fr\/wp-content\/uploads\/2026\/03\/lightbulb.svg?wsr","twentytwenty-fullscreen-width":1,"twentytwenty-fullscreen-height":1}},"footer_point":"Formules \u00e0 technologie avanc\u00e9e"},{"footer_picto":{"ID":22916,"id":22916,"title":"globe","filename":"globe.svg","filesize":775,"url":"https:\/\/www.cofran.fr\/wp-content\/uploads\/2026\/03\/globe.svg?wsr","link":"https:\/\/www.cofran.fr\/fr\/landing-page\/globe\/","alt":"","author":"3","description":"","caption":"","name":"globe","status":"inherit","uploaded_to":22908,"date":"2026-03-31 09:48:29","modified":"2026-03-31 09:48:29","menu_order":0,"mime_type":"image\/svg+xml","type":"image","subtype":"svg+xml","icon":"https:\/\/www.cofran.fr\/wp-includes\/images\/media\/default.png","width":0,"height":0,"sizes":{"thumbnail":"https:\/\/www.cofran.fr\/wp-content\/uploads\/2026\/03\/globe.svg?wsr","thumbnail-width":1,"thumbnail-height":1,"medium":"https:\/\/www.cofran.fr\/wp-content\/uploads\/2026\/03\/globe.svg?wsr","medium-width":1,"medium-height":1,"medium_large":"https:\/\/www.cofran.fr\/wp-content\/uploads\/2026\/03\/globe.svg?wsr","medium_large-width":1,"medium_large-height":1,"large":"https:\/\/www.cofran.fr\/wp-content\/uploads\/2026\/03\/globe.svg?wsr","large-width":1,"large-height":1,"1536x1536":"https:\/\/www.cofran.fr\/wp-content\/uploads\/2026\/03\/globe.svg?wsr","1536x1536-width":1,"1536x1536-height":1,"2048x2048":"https:\/\/www.cofran.fr\/wp-content\/uploads\/2026\/03\/globe.svg?wsr","2048x2048-width":1,"2048x2048-height":1,"post-thumbnail":"https:\/\/www.cofran.fr\/wp-content\/uploads\/2026\/03\/globe.svg?wsr","post-thumbnail-width":1,"post-thumbnail-height":1,"twentytwenty-fullscreen":"https:\/\/www.cofran.fr\/wp-content\/uploads\/2026\/03\/globe.svg?wsr","twentytwenty-fullscreen-width":1,"twentytwenty-fullscreen-height":1}},"footer_point":"R\u00e9seau mondial de distribution"},{"footer_picto":{"ID":22917,"id":22917,"title":"phone","filename":"phone.svg","filesize":547,"url":"https:\/\/www.cofran.fr\/wp-content\/uploads\/2026\/03\/phone.svg?wsr","link":"https:\/\/www.cofran.fr\/fr\/landing-page\/phone\/","alt":"","author":"3","description":"","caption":"","name":"phone","status":"inherit","uploaded_to":22908,"date":"2026-03-31 09:48:43","modified":"2026-03-31 09:48:43","menu_order":0,"mime_type":"image\/svg+xml","type":"image","subtype":"svg+xml","icon":"https:\/\/www.cofran.fr\/wp-includes\/images\/media\/default.png","width":0,"height":0,"sizes":{"thumbnail":"https:\/\/www.cofran.fr\/wp-content\/uploads\/2026\/03\/phone.svg?wsr","thumbnail-width":1,"thumbnail-height":1,"medium":"https:\/\/www.cofran.fr\/wp-content\/uploads\/2026\/03\/phone.svg?wsr","medium-width":1,"medium-height":1,"medium_large":"https:\/\/www.cofran.fr\/wp-content\/uploads\/2026\/03\/phone.svg?wsr","medium_large-width":1,"medium_large-height":1,"large":"https:\/\/www.cofran.fr\/wp-content\/uploads\/2026\/03\/phone.svg?wsr","large-width":1,"large-height":1,"1536x1536":"https:\/\/www.cofran.fr\/wp-content\/uploads\/2026\/03\/phone.svg?wsr","1536x1536-width":1,"1536x1536-height":1,"2048x2048":"https:\/\/www.cofran.fr\/wp-content\/uploads\/2026\/03\/phone.svg?wsr","2048x2048-width":1,"2048x2048-height":1,"post-thumbnail":"https:\/\/www.cofran.fr\/wp-content\/uploads\/2026\/03\/phone.svg?wsr","post-thumbnail-width":1,"post-thumbnail-height":1,"twentytwenty-fullscreen":"https:\/\/www.cofran.fr\/wp-content\/uploads\/2026\/03\/phone.svg?wsr","twentytwenty-fullscreen-width":1,"twentytwenty-fullscreen-height":1}},"footer_point":"+33 (0)1 41 37 42 00"}]}},"aioseo_notices":[],"_links":{"self":[{"href":"https:\/\/www.cofran.fr\/fr\/wp-json\/wp\/v2\/pages\/22908"}],"collection":[{"href":"https:\/\/www.cofran.fr\/fr\/wp-json\/wp\/v2\/pages"}],"about":[{"href":"https:\/\/www.cofran.fr\/fr\/wp-json\/wp\/v2\/types\/page"}],"author":[{"embeddable":true,"href":"https:\/\/www.cofran.fr\/fr\/wp-json\/wp\/v2\/users\/3"}],"replies":[{"embeddable":true,"href":"https:\/\/www.cofran.fr\/fr\/wp-json\/wp\/v2\/comments?post=22908"}],"version-history":[{"count":7,"href":"https:\/\/www.cofran.fr\/fr\/wp-json\/wp\/v2\/pages\/22908\/revisions"}],"predecessor-version":[{"id":22949,"href":"https:\/\/www.cofran.fr\/fr\/wp-json\/wp\/v2\/pages\/22908\/revisions\/22949"}],"wp:attachment":[{"href":"https:\/\/www.cofran.fr\/fr\/wp-json\/wp\/v2\/media?parent=22908"}],"curies":[{"name":"wp","href":"https:\/\/api.w.org\/{rel}","templated":true}]}}