{"id":939,"date":"2024-04-22T12:08:55","date_gmt":"2024-04-22T10:08:55","guid":{"rendered":"https:\/\/www.cofran.fr\/?page_id=939"},"modified":"2026-03-31T11:48:52","modified_gmt":"2026-03-31T09:48:52","slug":"services","status":"publish","type":"page","link":"https:\/\/www.cofran.fr\/fr\/services\/","title":{"rendered":"Services"},"content":{"rendered":"","protected":false},"excerpt":{"rendered":"","protected":false},"author":1,"featured_media":0,"parent":0,"menu_order":0,"comment_status":"closed","ping_status":"closed","template":"templates\/template-services.php","meta":{"_acf_changed":false,"footnotes":""},"acf":{"services_header":{"header_background":{"ID":961,"id":961,"title":"Groupe 3913","filename":"Groupe-3913.png","filesize":8714552,"url":"https:\/\/www.cofran.fr\/wp-content\/uploads\/2024\/04\/Groupe-3913.png?wsr","link":"https:\/\/www.cofran.fr\/fr\/services\/groupe-3913\/","alt":"","author":"1","description":"","caption":"","name":"groupe-3913","status":"inherit","uploaded_to":939,"date":"2024-04-22 10:19:44","modified":"2024-04-22 10:19:44","menu_order":0,"mime_type":"image\/png","type":"image","subtype":"png","icon":"https:\/\/www.cofran.fr\/wp-includes\/images\/media\/default.png","width":3840,"height":1458,"sizes":{"thumbnail":"https:\/\/www.cofran.fr\/wp-content\/uploads\/2024\/04\/Groupe-3913-150x150.png?wsr","thumbnail-width":150,"thumbnail-height":150,"medium":"https:\/\/www.cofran.fr\/wp-content\/uploads\/2024\/04\/Groupe-3913-300x114.png?wsr","medium-width":300,"medium-height":114,"medium_large":"https:\/\/www.cofran.fr\/wp-content\/uploads\/2024\/04\/Groupe-3913-768x292.png?wsr","medium_large-width":580,"medium_large-height":221,"large":"https:\/\/www.cofran.fr\/wp-content\/uploads\/2024\/04\/Groupe-3913-1024x389.png?wsr","large-width":580,"large-height":220,"1536x1536":"https:\/\/www.cofran.fr\/wp-content\/uploads\/2024\/04\/Groupe-3913-1536x583.png?wsr","1536x1536-width":1536,"1536x1536-height":583,"2048x2048":"https:\/\/www.cofran.fr\/wp-content\/uploads\/2024\/04\/Groupe-3913-2048x778.png?wsr","2048x2048-width":2048,"2048x2048-height":778,"post-thumbnail":"https:\/\/www.cofran.fr\/wp-content\/uploads\/2024\/04\/Groupe-3913-1200x456.png?wsr","post-thumbnail-width":1200,"post-thumbnail-height":456,"twentytwenty-fullscreen":"https:\/\/www.cofran.fr\/wp-content\/uploads\/2024\/04\/Groupe-3913-1980x752.png?wsr","twentytwenty-fullscreen-width":1980,"twentytwenty-fullscreen-height":752}},"header_title":"Nos services"},"services_optimise":{"optimise_title":"Simplifiez votre gestion des fluides <br \/>\r\net <span>optimisez vos performances<\/span>","optimise_subtitle":"Cofran propose des services pour v\u00e9hicules l\u00e9gers, poids lourds, <br \/>\r\nengins et mat\u00e9riels de construction, ainsi que pour l\u2019industrie.","optimise_perfs":[{"perfs_title":"Plans de <br \/>\r\n<span>lubrification<\/span>","perfs_text":"Cofran met en \u0153uvre des plans de lubrification pour optimiser vos op\u00e9rations, maximiser la dur\u00e9e de vie de vos \u00e9quipements et r\u00e9duire les temps d\u2019arr\u00eat.","perfs_list":[{"list_point":"Analyse des besoins"},{"list_point":"S\u00e9lection des lubrifiants"},{"list_point":"Planification de la maintenance"},{"list_point":"Surveillance des performances"}],"perfs_btn":"Nous contacter","perfs_btn_redirection":"https:\/\/www.cofran.fr\/fr\/contact\/","perfs_img":{"ID":990,"id":990,"title":"ovp_img1","filename":"ovp_img1.png","filesize":2132410,"url":"https:\/\/www.cofran.fr\/wp-content\/uploads\/2024\/04\/ovp_img1.png?wsr","link":"https:\/\/www.cofran.fr\/fr\/services\/ovp_img1\/","alt":"","author":"1","description":"","caption":"","name":"ovp_img1","status":"inherit","uploaded_to":939,"date":"2024-04-22 10:43:27","modified":"2024-04-22 10:43:27","menu_order":0,"mime_type":"image\/png","type":"image","subtype":"png","icon":"https:\/\/www.cofran.fr\/wp-includes\/images\/media\/default.png","width":1254,"height":1054,"sizes":{"thumbnail":"https:\/\/www.cofran.fr\/wp-content\/uploads\/2024\/04\/ovp_img1-150x150.png?wsr","thumbnail-width":150,"thumbnail-height":150,"medium":"https:\/\/www.cofran.fr\/wp-content\/uploads\/2024\/04\/ovp_img1-300x252.png?wsr","medium-width":300,"medium-height":252,"medium_large":"https:\/\/www.cofran.fr\/wp-content\/uploads\/2024\/04\/ovp_img1-768x646.png?wsr","medium_large-width":580,"medium_large-height":488,"large":"https:\/\/www.cofran.fr\/wp-content\/uploads\/2024\/04\/ovp_img1-1024x861.png?wsr","large-width":580,"large-height":488,"1536x1536":"https:\/\/www.cofran.fr\/wp-content\/uploads\/2024\/04\/ovp_img1.png?wsr","1536x1536-width":1254,"1536x1536-height":1054,"2048x2048":"https:\/\/www.cofran.fr\/wp-content\/uploads\/2024\/04\/ovp_img1.png?wsr","2048x2048-width":1254,"2048x2048-height":1054,"post-thumbnail":"https:\/\/www.cofran.fr\/wp-content\/uploads\/2024\/04\/ovp_img1-1200x1009.png?wsr","post-thumbnail-width":1200,"post-thumbnail-height":1009,"twentytwenty-fullscreen":"https:\/\/www.cofran.fr\/wp-content\/uploads\/2024\/04\/ovp_img1.png?wsr","twentytwenty-fullscreen-width":1254,"twentytwenty-fullscreen-height":1054}}},{"perfs_title":"Maintenance<br \/>\r\n<span>pr\u00e9ventive<\/span>","perfs_text":"Cofran a d\u00e9velopp\u00e9 un programme de maintenance pr\u00e9ventive destin\u00e9 \u00e0 contr\u00f4ler la qualit\u00e9 du lubrifiant et surveiller l\u2019usure de vos \u00e9quipements.","perfs_list":false,"perfs_btn":"Nous contacter","perfs_btn_redirection":"https:\/\/www.cofran.fr\/fr\/contact\/","perfs_img":{"ID":987,"id":987,"title":"ovp_img2","filename":"ovp_img2.png","filesize":2090717,"url":"https:\/\/www.cofran.fr\/wp-content\/uploads\/2024\/04\/ovp_img2.png?wsr","link":"https:\/\/www.cofran.fr\/fr\/services\/ovp_img2\/","alt":"","author":"1","description":"","caption":"","name":"ovp_img2","status":"inherit","uploaded_to":939,"date":"2024-04-22 10:43:24","modified":"2024-04-22 10:43:24","menu_order":0,"mime_type":"image\/png","type":"image","subtype":"png","icon":"https:\/\/www.cofran.fr\/wp-includes\/images\/media\/default.png","width":1242,"height":1002,"sizes":{"thumbnail":"https:\/\/www.cofran.fr\/wp-content\/uploads\/2024\/04\/ovp_img2-150x150.png?wsr","thumbnail-width":150,"thumbnail-height":150,"medium":"https:\/\/www.cofran.fr\/wp-content\/uploads\/2024\/04\/ovp_img2-300x242.png?wsr","medium-width":300,"medium-height":242,"medium_large":"https:\/\/www.cofran.fr\/wp-content\/uploads\/2024\/04\/ovp_img2-768x620.png?wsr","medium_large-width":580,"medium_large-height":468,"large":"https:\/\/www.cofran.fr\/wp-content\/uploads\/2024\/04\/ovp_img2-1024x826.png?wsr","large-width":580,"large-height":468,"1536x1536":"https:\/\/www.cofran.fr\/wp-content\/uploads\/2024\/04\/ovp_img2.png?wsr","1536x1536-width":1242,"1536x1536-height":1002,"2048x2048":"https:\/\/www.cofran.fr\/wp-content\/uploads\/2024\/04\/ovp_img2.png?wsr","2048x2048-width":1242,"2048x2048-height":1002,"post-thumbnail":"https:\/\/www.cofran.fr\/wp-content\/uploads\/2024\/04\/ovp_img2-1200x968.png?wsr","post-thumbnail-width":1200,"post-thumbnail-height":968,"twentytwenty-fullscreen":"https:\/\/www.cofran.fr\/wp-content\/uploads\/2024\/04\/ovp_img2.png?wsr","twentytwenty-fullscreen-width":1242,"twentytwenty-fullscreen-height":1002}}},{"perfs_title":"Formations<br \/>\r\n<span>et supports<br \/>\r\ntechniques<\/span>","perfs_text":"Cofran propose des programmes de formation pour ses clients, afin de les aider  \u00e0 mettre en oeuvre efficacement les recommandations du plan du lubrification.","perfs_list":false,"perfs_btn":"Demander une formation","perfs_btn_redirection":"https:\/\/www.cofran.fr\/fr\/contact\/","perfs_img":{"ID":984,"id":984,"title":"ovp_img3","filename":"ovp_img3.png","filesize":1998928,"url":"https:\/\/www.cofran.fr\/wp-content\/uploads\/2024\/04\/ovp_img3.png?wsr","link":"https:\/\/www.cofran.fr\/fr\/services\/ovp_img3\/","alt":"","author":"1","description":"","caption":"","name":"ovp_img3","status":"inherit","uploaded_to":939,"date":"2024-04-22 10:43:21","modified":"2024-04-22 10:43:21","menu_order":0,"mime_type":"image\/png","type":"image","subtype":"png","icon":"https:\/\/www.cofran.fr\/wp-includes\/images\/media\/default.png","width":1248,"height":1046,"sizes":{"thumbnail":"https:\/\/www.cofran.fr\/wp-content\/uploads\/2024\/04\/ovp_img3-150x150.png?wsr","thumbnail-width":150,"thumbnail-height":150,"medium":"https:\/\/www.cofran.fr\/wp-content\/uploads\/2024\/04\/ovp_img3-300x251.png?wsr","medium-width":300,"medium-height":251,"medium_large":"https:\/\/www.cofran.fr\/wp-content\/uploads\/2024\/04\/ovp_img3-768x644.png?wsr","medium_large-width":580,"medium_large-height":486,"large":"https:\/\/www.cofran.fr\/wp-content\/uploads\/2024\/04\/ovp_img3-1024x858.png?wsr","large-width":580,"large-height":486,"1536x1536":"https:\/\/www.cofran.fr\/wp-content\/uploads\/2024\/04\/ovp_img3.png?wsr","1536x1536-width":1248,"1536x1536-height":1046,"2048x2048":"https:\/\/www.cofran.fr\/wp-content\/uploads\/2024\/04\/ovp_img3.png?wsr","2048x2048-width":1248,"2048x2048-height":1046,"post-thumbnail":"https:\/\/www.cofran.fr\/wp-content\/uploads\/2024\/04\/ovp_img3-1200x1006.png?wsr","post-thumbnail-width":1200,"post-thumbnail-height":1006,"twentytwenty-fullscreen":"https:\/\/www.cofran.fr\/wp-content\/uploads\/2024\/04\/ovp_img3.png?wsr","twentytwenty-fullscreen-width":1248,"twentytwenty-fullscreen-height":1046}}},{"perfs_title":"Hotline<br \/>\r\n<span>technique<\/span>","perfs_text":"Notre \u00e9quipe d\u2019experts techniques est disponible du lundi au vendredi, de 9h00 \u00e0 17h00 (Heure France m\u00e9tropolintaine), pour r\u00e9pondre \u00e0 toutes vos questions.","perfs_list":false,"perfs_btn":"Contacter l'\u00e9quipe Cofran","perfs_btn_redirection":"https:\/\/www.cofran.fr\/fr\/contact\/","perfs_img":{"ID":981,"id":981,"title":"ovp_img4","filename":"ovp_img4.png","filesize":2022463,"url":"https:\/\/www.cofran.fr\/wp-content\/uploads\/2024\/04\/ovp_img4.png?wsr","link":"https:\/\/www.cofran.fr\/fr\/services\/ovp_img4\/","alt":"","author":"1","description":"","caption":"","name":"ovp_img4","status":"inherit","uploaded_to":939,"date":"2024-04-22 10:43:17","modified":"2024-04-22 10:43:17","menu_order":0,"mime_type":"image\/png","type":"image","subtype":"png","icon":"https:\/\/www.cofran.fr\/wp-includes\/images\/media\/default.png","width":1248,"height":1158,"sizes":{"thumbnail":"https:\/\/www.cofran.fr\/wp-content\/uploads\/2024\/04\/ovp_img4-150x150.png?wsr","thumbnail-width":150,"thumbnail-height":150,"medium":"https:\/\/www.cofran.fr\/wp-content\/uploads\/2024\/04\/ovp_img4-300x278.png?wsr","medium-width":300,"medium-height":278,"medium_large":"https:\/\/www.cofran.fr\/wp-content\/uploads\/2024\/04\/ovp_img4-768x713.png?wsr","medium_large-width":580,"medium_large-height":538,"large":"https:\/\/www.cofran.fr\/wp-content\/uploads\/2024\/04\/ovp_img4-1024x950.png?wsr","large-width":580,"large-height":538,"1536x1536":"https:\/\/www.cofran.fr\/wp-content\/uploads\/2024\/04\/ovp_img4.png?wsr","1536x1536-width":1248,"1536x1536-height":1158,"2048x2048":"https:\/\/www.cofran.fr\/wp-content\/uploads\/2024\/04\/ovp_img4.png?wsr","2048x2048-width":1248,"2048x2048-height":1158,"post-thumbnail":"https:\/\/www.cofran.fr\/wp-content\/uploads\/2024\/04\/ovp_img4-1200x1113.png?wsr","post-thumbnail-width":1200,"post-thumbnail-height":1113,"twentytwenty-fullscreen":"https:\/\/www.cofran.fr\/wp-content\/uploads\/2024\/04\/ovp_img4.png?wsr","twentytwenty-fullscreen-width":1248,"twentytwenty-fullscreen-height":1158}}}]},"services_solutions":{"solutions_title":"Des solutions de lubrifications <br \/>\r\n<span>pour votre performance<\/span>","solutions_subtitle":"Cofran propose des services pour v\u00e9hicules l\u00e9gers, poids lourds, <br \/>\r\nengins et mat\u00e9riels de construction, ainsi que pour l\u2019industrie.","solutions_solution":[{"solution_sector":"AUTOMOBILE","solution_title":"Cofran vous invite \u00e0 envisager <span>un <br \/>\r\npartenariat <\/span> qui garantit <br \/>\r\nune fiabilit\u00e9 de vos v\u00e9hicules.","solution_text":"En tant que partenaire privil\u00e9gi\u00e9, Cofran s\u2019engage \u00e0 vous soutenir dans l\u2019am\u00e9lioration de la valeur post-vente de vos v\u00e9hicules et dans la r\u00e9alisation d\u2019\u00e9conomies de carburant au quotidien. Gr\u00e2ce \u00e0 notre expertise en lubrifiants, nous vous aiderons \u00e0 atteindre vos objectifs, en \u00e9troite collaboration avec vos \u00e9quipes.","solution_btn":"D\u00e9couvrir nos produits","solution_btn_redirection":"","solution_img":{"ID":1003,"id":1003,"title":"Card_img","filename":"Card_img.png","filesize":842429,"url":"https:\/\/www.cofran.fr\/wp-content\/uploads\/2024\/04\/Card_img.png?wsr","link":"https:\/\/www.cofran.fr\/fr\/services\/card_img\/","alt":"","author":"1","description":"","caption":"","name":"card_img","status":"inherit","uploaded_to":939,"date":"2024-04-22 10:44:51","modified":"2024-04-22 10:44:51","menu_order":0,"mime_type":"image\/png","type":"image","subtype":"png","icon":"https:\/\/www.cofran.fr\/wp-includes\/images\/media\/default.png","width":1348,"height":982,"sizes":{"thumbnail":"https:\/\/www.cofran.fr\/wp-content\/uploads\/2024\/04\/Card_img-150x150.png?wsr","thumbnail-width":150,"thumbnail-height":150,"medium":"https:\/\/www.cofran.fr\/wp-content\/uploads\/2024\/04\/Card_img-300x219.png?wsr","medium-width":300,"medium-height":219,"medium_large":"https:\/\/www.cofran.fr\/wp-content\/uploads\/2024\/04\/Card_img-768x559.png?wsr","medium_large-width":580,"medium_large-height":422,"large":"https:\/\/www.cofran.fr\/wp-content\/uploads\/2024\/04\/Card_img-1024x746.png?wsr","large-width":580,"large-height":423,"1536x1536":"https:\/\/www.cofran.fr\/wp-content\/uploads\/2024\/04\/Card_img.png?wsr","1536x1536-width":1348,"1536x1536-height":982,"2048x2048":"https:\/\/www.cofran.fr\/wp-content\/uploads\/2024\/04\/Card_img.png?wsr","2048x2048-width":1348,"2048x2048-height":982,"post-thumbnail":"https:\/\/www.cofran.fr\/wp-content\/uploads\/2024\/04\/Card_img-1200x874.png?wsr","post-thumbnail-width":1200,"post-thumbnail-height":874,"twentytwenty-fullscreen":"https:\/\/www.cofran.fr\/wp-content\/uploads\/2024\/04\/Card_img.png?wsr","twentytwenty-fullscreen-width":1348,"twentytwenty-fullscreen-height":982}}},{"solution_sector":"POIDS LOURDS","solution_title":"Dans le secteur du transport, la cl\u00e9 du <br \/>\r\nsucc\u00e8s r\u00e9side dans la <span>maximisation des performances des mat\u00e9riels.<\/span>","solution_text":"Chez Cofran, nous sommes pleinement conscients de l\u2019importance capitale de vos engins pour le bon fonctionnement de votre entreprise. C\u2019est la raison pour laquelle nous offrons des solutions technologiques de pointe visant \u00e0 minimiser les temps d\u2019arr\u00eat et \u00e0 optimiser la consommation de lubrifiant.","solution_btn":"D\u00e9couvrir nos produits","solution_btn_redirection":"","solution_img":{"ID":1000,"id":1000,"title":"card2","filename":"card2.png","filesize":860051,"url":"https:\/\/www.cofran.fr\/wp-content\/uploads\/2024\/04\/card2.png?wsr","link":"https:\/\/www.cofran.fr\/fr\/services\/card2\/","alt":"","author":"1","description":"","caption":"","name":"card2","status":"inherit","uploaded_to":939,"date":"2024-04-22 10:44:48","modified":"2024-04-22 10:44:48","menu_order":0,"mime_type":"image\/png","type":"image","subtype":"png","icon":"https:\/\/www.cofran.fr\/wp-includes\/images\/media\/default.png","width":1348,"height":982,"sizes":{"thumbnail":"https:\/\/www.cofran.fr\/wp-content\/uploads\/2024\/04\/card2-150x150.png?wsr","thumbnail-width":150,"thumbnail-height":150,"medium":"https:\/\/www.cofran.fr\/wp-content\/uploads\/2024\/04\/card2-300x219.png?wsr","medium-width":300,"medium-height":219,"medium_large":"https:\/\/www.cofran.fr\/wp-content\/uploads\/2024\/04\/card2-768x559.png?wsr","medium_large-width":580,"medium_large-height":422,"large":"https:\/\/www.cofran.fr\/wp-content\/uploads\/2024\/04\/card2-1024x746.png?wsr","large-width":580,"large-height":423,"1536x1536":"https:\/\/www.cofran.fr\/wp-content\/uploads\/2024\/04\/card2.png?wsr","1536x1536-width":1348,"1536x1536-height":982,"2048x2048":"https:\/\/www.cofran.fr\/wp-content\/uploads\/2024\/04\/card2.png?wsr","2048x2048-width":1348,"2048x2048-height":982,"post-thumbnail":"https:\/\/www.cofran.fr\/wp-content\/uploads\/2024\/04\/card2-1200x874.png?wsr","post-thumbnail-width":1200,"post-thumbnail-height":874,"twentytwenty-fullscreen":"https:\/\/www.cofran.fr\/wp-content\/uploads\/2024\/04\/card2.png?wsr","twentytwenty-fullscreen-width":1348,"twentytwenty-fullscreen-height":982}}},{"solution_sector":"INDUSTRIES","solution_title":"Pour surpasser vos concurrents dans <br \/>\r\nl\u2019industrie, il est essentiel de <span>viser une <br \/>\r\nproductivit\u00e9 maximale.<\/span>","solution_text":"L\u2019expertise Cofran peut jouer un r\u00f4le d\u00e9terminant dans cette d\u00e9marche. En collaborant \u00e9troitement, nous sommes en mesure de vous proposer des solutions de lubrification innovantes, con\u00e7ues pour optimiser l\u2019efficacit\u00e9 de votre \u00e9quipement et garantir les meilleures performances.","solution_btn":"D\u00e9couvrir nos produits","solution_btn_redirection":"","solution_img":{"ID":997,"id":997,"title":"card3","filename":"card3.png","filesize":1967339,"url":"https:\/\/www.cofran.fr\/wp-content\/uploads\/2024\/04\/card3.png?wsr","link":"https:\/\/www.cofran.fr\/fr\/services\/card3\/","alt":"","author":"1","description":"","caption":"","name":"card3","status":"inherit","uploaded_to":939,"date":"2024-04-22 10:44:45","modified":"2024-04-22 10:44:45","menu_order":0,"mime_type":"image\/png","type":"image","subtype":"png","icon":"https:\/\/www.cofran.fr\/wp-includes\/images\/media\/default.png","width":1348,"height":982,"sizes":{"thumbnail":"https:\/\/www.cofran.fr\/wp-content\/uploads\/2024\/04\/card3-150x150.png?wsr","thumbnail-width":150,"thumbnail-height":150,"medium":"https:\/\/www.cofran.fr\/wp-content\/uploads\/2024\/04\/card3-300x219.png?wsr","medium-width":300,"medium-height":219,"medium_large":"https:\/\/www.cofran.fr\/wp-content\/uploads\/2024\/04\/card3-768x559.png?wsr","medium_large-width":580,"medium_large-height":422,"large":"https:\/\/www.cofran.fr\/wp-content\/uploads\/2024\/04\/card3-1024x746.png?wsr","large-width":580,"large-height":423,"1536x1536":"https:\/\/www.cofran.fr\/wp-content\/uploads\/2024\/04\/card3.png?wsr","1536x1536-width":1348,"1536x1536-height":982,"2048x2048":"https:\/\/www.cofran.fr\/wp-content\/uploads\/2024\/04\/card3.png?wsr","2048x2048-width":1348,"2048x2048-height":982,"post-thumbnail":"https:\/\/www.cofran.fr\/wp-content\/uploads\/2024\/04\/card3-1200x874.png?wsr","post-thumbnail-width":1200,"post-thumbnail-height":874,"twentytwenty-fullscreen":"https:\/\/www.cofran.fr\/wp-content\/uploads\/2024\/04\/card3.png?wsr","twentytwenty-fullscreen-width":1348,"twentytwenty-fullscreen-height":982}}},{"solution_sector":"TRAVAUX PUBLICS","solution_title":"Dans le secteur des TP, la gestion des <br \/>\r\nd\u00e9lais et <span>des ressources financi\u00e8res est <br \/>\r\nprimordiale<\/span> pour maintenir une <br \/>\r\nproductivit\u00e9 optimale.","solution_text":"Cofran propose une large gamme de lubrifiants, de graisses et de fluides hydrauliques hautement sp\u00e9cialis\u00e9s pour les engins de chantier, les mines et les carri\u00e8res afin de vous aider \u00e0 limiter les retards dans vos op\u00e9rations. L\u2019expertise technique Cofran garantie le bon fonctionnement de vos engins.","solution_btn":"D\u00e9couvrir nos produits","solution_btn_redirection":"","solution_img":{"ID":994,"id":994,"title":"card4","filename":"card4.png","filesize":1586625,"url":"https:\/\/www.cofran.fr\/wp-content\/uploads\/2024\/04\/card4.png?wsr","link":"https:\/\/www.cofran.fr\/fr\/services\/card4\/","alt":"","author":"1","description":"","caption":"","name":"card4","status":"inherit","uploaded_to":939,"date":"2024-04-22 10:44:42","modified":"2024-04-22 10:44:42","menu_order":0,"mime_type":"image\/png","type":"image","subtype":"png","icon":"https:\/\/www.cofran.fr\/wp-includes\/images\/media\/default.png","width":1348,"height":982,"sizes":{"thumbnail":"https:\/\/www.cofran.fr\/wp-content\/uploads\/2024\/04\/card4-150x150.png?wsr","thumbnail-width":150,"thumbnail-height":150,"medium":"https:\/\/www.cofran.fr\/wp-content\/uploads\/2024\/04\/card4-300x219.png?wsr","medium-width":300,"medium-height":219,"medium_large":"https:\/\/www.cofran.fr\/wp-content\/uploads\/2024\/04\/card4-768x559.png?wsr","medium_large-width":580,"medium_large-height":422,"large":"https:\/\/www.cofran.fr\/wp-content\/uploads\/2024\/04\/card4-1024x746.png?wsr","large-width":580,"large-height":423,"1536x1536":"https:\/\/www.cofran.fr\/wp-content\/uploads\/2024\/04\/card4.png?wsr","1536x1536-width":1348,"1536x1536-height":982,"2048x2048":"https:\/\/www.cofran.fr\/wp-content\/uploads\/2024\/04\/card4.png?wsr","2048x2048-width":1348,"2048x2048-height":982,"post-thumbnail":"https:\/\/www.cofran.fr\/wp-content\/uploads\/2024\/04\/card4-1200x874.png?wsr","post-thumbnail-width":1200,"post-thumbnail-height":874,"twentytwenty-fullscreen":"https:\/\/www.cofran.fr\/wp-content\/uploads\/2024\/04\/card4.png?wsr","twentytwenty-fullscreen-width":1348,"twentytwenty-fullscreen-height":982}}}]}},"aioseo_notices":[],"_links":{"self":[{"href":"https:\/\/www.cofran.fr\/fr\/wp-json\/wp\/v2\/pages\/939"}],"collection":[{"href":"https:\/\/www.cofran.fr\/fr\/wp-json\/wp\/v2\/pages"}],"about":[{"href":"https:\/\/www.cofran.fr\/fr\/wp-json\/wp\/v2\/types\/page"}],"author":[{"embeddable":true,"href":"https:\/\/www.cofran.fr\/fr\/wp-json\/wp\/v2\/users\/1"}],"replies":[{"embeddable":true,"href":"https:\/\/www.cofran.fr\/fr\/wp-json\/wp\/v2\/comments?post=939"}],"version-history":[{"count":12,"href":"https:\/\/www.cofran.fr\/fr\/wp-json\/wp\/v2\/pages\/939\/revisions"}],"predecessor-version":[{"id":22919,"href":"https:\/\/www.cofran.fr\/fr\/wp-json\/wp\/v2\/pages\/939\/revisions\/22919"}],"wp:attachment":[{"href":"https:\/\/www.cofran.fr\/fr\/wp-json\/wp\/v2\/media?parent=939"}],"curies":[{"name":"wp","href":"https:\/\/api.w.org\/{rel}","templated":true}]}}